{"id":22150,"date":"2022-11-16T11:37:55","date_gmt":"2022-11-16T11:37:55","guid":{"rendered":"https:\/\/germains.com\/?page_id=22150"},"modified":"2022-11-17T21:05:55","modified_gmt":"2022-11-17T21:05:55","slug":"galletas","status":"publish","type":"page","link":"https:\/\/germains.com\/mx\/galletas\/","title":{"rendered":"Galletas\u00a0"},"content":{"rendered":"\n<h2 class=\"wp-block-heading\" id=\"h-necesarias\">Necesarias<\/h2>\n\n\n\n<p>Cookies necesarias.-\u00a0 ayudan a que un sitio web sea utilizable al permitir funciones b\u00e1sicas como la navegaci\u00f3n por las p\u00e1ginas y el acceso a \u00e1reas seguras del sitio web. El sitio web no puede funcionar correctamente sin estas cookies.<\/p>\n\n\n\n<h2 class=\"wp-block-heading\" id=\"h-preferencias\">Preferencias<\/h2>\n\n\n\n<p>Cookies de preferencia.-&nbsp; permiten que un sitio web recuerde informaci\u00f3n que modifica el comportamiento o el aspecto del sitio, como el idioma que prefiere o la regi\u00f3n en la que se encuentra. No utilizamos cookies de este tipo.<\/p>\n\n\n\n<h2 class=\"wp-block-heading\" id=\"h-estadisticas\">Estad\u00edsticas<\/h2>\n\n\n\n<p>Cookies estad\u00edsticas.-\u00a0 ayudan a los propietarios de los sitios web a entender c\u00f3mo interact\u00faan los visitantes con los sitios web mediante la recopilaci\u00f3n y la presentaci\u00f3n de informaci\u00f3n de forma an\u00f3nima.<\/p>\n\n\n\n<h2 class=\"wp-block-heading\" id=\"h-marketing\">Marketing<\/h2>\n\n\n\n<p>Cookies de marketing.- se utilizan para hacer un seguimiento de los visitantes en los sitios web. La intenci\u00f3n es mostrar anuncios que sean relevantes y atractivos para el usuario individual y, por tanto, m\u00e1s valiosos para los editores y los anunciantes de terceros.<\/p>\n\n\n\n<h2 class=\"wp-block-heading\" id=\"h-sin-clasificar\">Sin clasificar<\/h2>\n\n\n\n<p>Cookies no clasificadas.- son aquellas que est\u00e1n en proceso de clasificar, junto con los proveedores de las cookies individuales. No utilizamos cookies de este tipo.<\/p>\n\n\n\n<h2 class=\"wp-block-heading\">Detalle de las cookies utilizadas:<\/h2>\n\n\n\n<figure class=\"wp-block-table\"><table><tbody><tr><td><strong>Nombre<\/strong><\/td><td><strong>Proveedor<\/strong><\/td><td><strong>Prop\u00f3sito<\/strong><\/td><td><strong>Caducidad<\/strong><\/td><td><strong>Tipo<\/strong><\/td><td><strong>\u00c1rea<\/strong><\/td><\/tr><tr><td>CookieConsent<\/td><td>Cookiebot<\/td><td>Almacena el estado de consentimiento de la cookie del usuario para el dominio actual<\/td><td>1 a\u00f1o<\/td><td>HTTP<\/td><td>Necesario<\/td><\/tr><tr><td>wordpress_test_cookie<\/td><td>germainsstag.wpengine.com<\/td><td>Se utiliza para comprobar si el navegador del usuario admite cookies.<\/td><td>Sesi\u00f3n<\/td><td>HTTP<\/td><td>Necesario<\/td><\/tr><tr><td>CONSENTIMIENTO [x2]<\/td><td>Google, YouTube<\/td><td>Se utiliza para detectar si el visitante ha aceptado la categor\u00eda de marketing en el banner de cookies. Esta cookie es necesaria para el cumplimiento del GDPR del sitio web.<\/td><td>2 a\u00f1os<\/td><td>HTTP<\/td><td>Necesario<\/td><\/tr><tr><td>rc::a<\/td><td>Google<\/td><td>Esta cookie se utiliza para distinguir entre humanos y robots (\u2018bots\u2019). Esto es beneficioso para el sitio web a fin de realizar informes v\u00e1lidos sobre el uso de su sitio web.<\/td><td>Persistente<\/td><td>HTTP<\/td><td>Necesario<\/td><\/tr><tr><td>rc::c<\/td><td>Google<\/td><td>Esta cookie se utiliza para distinguir entre humanos y bots.<\/td><td>Sesi\u00f3n<\/td><td>HTML<\/td><td>Necesario<\/td><\/tr><tr><td>El problema es que no se puede hacer nada para evitarlo.<\/td><td>Google<\/td><td>Registra una identificaci\u00f3n \u00fanica que se utiliza para generar datos estad\u00edsticos sobre el uso que el visitante hace del sitio web.<\/td><td>2 a\u00f1os<\/td><td>HTTP<\/td><td>Estad\u00edsticas<\/td><\/tr><tr><td>El problema es que no se puede hacer nada con el dinero.<\/td><td>Google<\/td><td>Utilizado por Google Analytics para recoger datos sobre el n\u00famero de veces que un usuario ha visitado el sitio web, as\u00ed como las fechas de la primera y la \u00faltima visita.<\/td><td>2 a\u00f1os<\/td><td>HTTP<\/td><td>Estad\u00edsticas<\/td><\/tr><tr><td>El problema es que no se puede hacer nada para evitarlo.<\/td><td>Google<\/td><td>Utilizado por Google Analytics para acelerar la tasa de solicitudes<\/td><td>1 d\u00eda<\/td><td>HTTP<\/td><td>Estad\u00edsticas<\/td><\/tr><tr><td>_gid<\/td><td>Google<\/td><td>Registra una identificaci\u00f3n \u00fanica que se utiliza para generar datos estad\u00edsticos sobre el uso que el visitante hace del sitio web.<\/td><td>1 d\u00eda<\/td><td>HTTP<\/td><td>Estad\u00edsticas<\/td><\/tr><tr><td>El sistema de gesti\u00f3n de la calidad de los productos de la industria de la construcci\u00f3n es un sistema de gesti\u00f3n de la calidad.<\/td><td>Meta Platforms, Inc.<\/td><td>Utilizado por Facebook para ofrecer una serie de productos publicitarios como las ofertas en tiempo real de terceros anunciantes.<\/td><td>3 meses<\/td><td>HTTP<\/td><td>Marketing<\/td><\/tr><tr><td>VISITOR_INFO1_LIVE<\/td><td>YouTube<\/td><td>Intenta estimar el ancho de banda de los usuarios en las p\u00e1ginas con v\u00eddeos de YouTube integrados.<\/td><td>179 d\u00edas<\/td><td>HTTP<\/td><td>Marketing<\/td><\/tr><tr><td>YSC<\/td><td>YouTube<\/td><td>Registra un ID \u00fanico para mantener las estad\u00edsticas de los v\u00eddeos de YouTube que el usuario ha visto.<\/td><td>Sesi\u00f3n<\/td><td>HTTP<\/td><td>Marketing<\/td><\/tr><tr><td>ytidb::CLAVE_RESULTADO_\u00daLTIMO<\/td><td>YouTube<\/td><td>Almacena las preferencias del usuario sobre el reproductor de v\u00eddeo mediante un v\u00eddeo incrustado de YouTube<\/td><td>Persistente<\/td><td>HTML<\/td><td>Marketing<\/td><\/tr><tr><td>yt-remote-cast-available<\/td><td>YouTube<\/td><td>Almacena las preferencias del usuario sobre el reproductor de v\u00eddeo mediante un v\u00eddeo incrustado de YouTube<\/td><td>Sesi\u00f3n<\/td><td>HTML<\/td><td>Marketing<\/td><\/tr><tr><td>yt-remote-cast-installed<\/td><td>YouTube<\/td><td>Almacena las preferencias del usuario sobre el reproductor de v\u00eddeo mediante un v\u00eddeo incrustado de YouTube<\/td><td>Sesi\u00f3n<\/td><td>HTML<\/td><td>Marketing<\/td><\/tr><tr><td>yt-remote-connected-devices<\/td><td>YouTube<\/td><td>Almacena las preferencias del usuario sobre el reproductor de v\u00eddeo mediante un v\u00eddeo incrustado de YouTube<\/td><td>Persistente<\/td><td>HTML<\/td><td>Marketing<\/td><\/tr><tr><td>yt-remote-device-id<\/td><td>YouTube<\/td><td>Almacena las preferencias del usuario sobre el reproductor de v\u00eddeo mediante un v\u00eddeo incrustado de YouTube<\/td><td>Persistente<\/td><td>HTML<\/td><td>Marketing<\/td><\/tr><tr><td>yt-remote-fast-check-period<\/td><td>YouTube<\/td><td>Almacena las preferencias del usuario sobre el reproductor de v\u00eddeo mediante un v\u00eddeo incrustado de YouTube<\/td><td>Sesi\u00f3n<\/td><td>HTML<\/td><td>Marketing<\/td><\/tr><tr><td>yt-remote-session-app<\/td><td>YouTube<\/td><td>Almacena las preferencias del usuario sobre el reproductor de v\u00eddeo mediante un v\u00eddeo incrustado de YouTube<\/td><td>Sesi\u00f3n<\/td><td>HTML<\/td><td>Marketing<\/td><\/tr><tr><td>yt-remote-session-name<\/td><td>YouTube<\/td><td>Almacena las preferencias del usuario sobre el reproductor de v\u00eddeo mediante un v\u00eddeo incrustado de YouTube<\/td><td>Sesi\u00f3n<\/td><td>HTML<\/td><td>Marketing<\/td><\/tr><\/tbody><\/table><\/figure>\n","protected":false},"excerpt":{"rendered":"<p>Necesarias Cookies necesarias.-\u00a0 ayudan a que un sitio web sea utilizable al permitir funciones b\u00e1sicas como la navegaci\u00f3n por las p\u00e1ginas y el acceso a \u00e1reas seguras del sitio web. El sitio web no puede funcionar correctamente sin estas cookies. Preferencias Cookies de preferencia.-&nbsp; permiten que un sitio web recuerde informaci\u00f3n que modifica el comportamiento [&hellip;]<\/p>\n","protected":false},"author":1,"featured_media":0,"parent":0,"menu_order":0,"comment_status":"closed","ping_status":"closed","template":"","meta":{"_acf_changed":false,"footnotes":""},"class_list":["post-22150","page","type-page","status-publish","hentry"],"acf":[],"yoast_head":"<!-- This site is optimized with the Yoast SEO Premium plugin v26.9 (Yoast SEO v27.3) - https:\/\/yoast.com\/product\/yoast-seo-premium-wordpress\/ -->\n<title>Galletas\u00a0 - Germains Seed Technology<\/title>\n<meta name=\"robots\" content=\"index, follow, max-snippet:-1, max-image-preview:large, max-video-preview:-1\" \/>\n<link rel=\"canonical\" href=\"https:\/\/germains.com\/mx\/galletas\/\" \/>\n<meta property=\"og:locale\" content=\"es_MX\" \/>\n<meta property=\"og:type\" content=\"article\" \/>\n<meta property=\"og:title\" content=\"Galletas\u00a0\" \/>\n<meta property=\"og:description\" content=\"Necesarias Cookies necesarias.-\u00a0 ayudan a que un sitio web sea utilizable al permitir funciones b\u00e1sicas como la navegaci\u00f3n por las p\u00e1ginas y el acceso a \u00e1reas seguras del sitio web. El sitio web no puede funcionar correctamente sin estas cookies. Preferencias Cookies de preferencia.-&nbsp; permiten que un sitio web recuerde informaci\u00f3n que modifica el comportamiento [&hellip;]\" \/>\n<meta property=\"og:url\" content=\"https:\/\/germains.com\/mx\/galletas\/\" \/>\n<meta property=\"og:site_name\" content=\"Germains Seed Technology\" \/>\n<meta property=\"article:modified_time\" content=\"2022-11-17T21:05:55+00:00\" \/>\n<meta name=\"twitter:card\" content=\"summary_large_image\" \/>\n<meta name=\"twitter:label1\" content=\"Tiempo de lectura\" \/>\n\t<meta name=\"twitter:data1\" content=\"4 minutos\" \/>\n<script type=\"application\/ld+json\" class=\"yoast-schema-graph\">{\"@context\":\"https:\\\/\\\/schema.org\",\"@graph\":[{\"@type\":\"WebPage\",\"@id\":\"https:\\\/\\\/germains.com\\\/mx\\\/galletas\\\/\",\"url\":\"https:\\\/\\\/germains.com\\\/mx\\\/galletas\\\/\",\"name\":\"Galletas\u00a0 - Germains Seed Technology\",\"isPartOf\":{\"@id\":\"https:\\\/\\\/germains.com\\\/#website\"},\"datePublished\":\"2022-11-16T11:37:55+00:00\",\"dateModified\":\"2022-11-17T21:05:55+00:00\",\"breadcrumb\":{\"@id\":\"https:\\\/\\\/germains.com\\\/mx\\\/galletas\\\/#breadcrumb\"},\"inLanguage\":\"es\",\"potentialAction\":[{\"@type\":\"ReadAction\",\"target\":[\"https:\\\/\\\/germains.com\\\/mx\\\/galletas\\\/\"]}]},{\"@type\":\"BreadcrumbList\",\"@id\":\"https:\\\/\\\/germains.com\\\/mx\\\/galletas\\\/#breadcrumb\",\"itemListElement\":[{\"@type\":\"ListItem\",\"position\":1,\"name\":\"Home\",\"item\":\"https:\\\/\\\/germains.com\\\/mx\\\/\"},{\"@type\":\"ListItem\",\"position\":2,\"name\":\"Galletas\u00a0\"}]},{\"@type\":\"WebSite\",\"@id\":\"https:\\\/\\\/germains.com\\\/#website\",\"url\":\"https:\\\/\\\/germains.com\\\/\",\"name\":\"Germains Seed Technology\",\"description\":\"Industry leading seed technologies\",\"potentialAction\":[{\"@type\":\"SearchAction\",\"target\":{\"@type\":\"EntryPoint\",\"urlTemplate\":\"https:\\\/\\\/germains.com\\\/?s={search_term_string}\"},\"query-input\":{\"@type\":\"PropertyValueSpecification\",\"valueRequired\":true,\"valueName\":\"search_term_string\"}}],\"inLanguage\":\"es\"}]}<\/script>\n<!-- \/ Yoast SEO Premium plugin. -->","yoast_head_json":{"title":"Galletas\u00a0 - Germains Seed Technology","robots":{"index":"index","follow":"follow","max-snippet":"max-snippet:-1","max-image-preview":"max-image-preview:large","max-video-preview":"max-video-preview:-1"},"canonical":"https:\/\/germains.com\/mx\/galletas\/","og_locale":"es_MX","og_type":"article","og_title":"Galletas\u00a0","og_description":"Necesarias Cookies necesarias.-\u00a0 ayudan a que un sitio web sea utilizable al permitir funciones b\u00e1sicas como la navegaci\u00f3n por las p\u00e1ginas y el acceso a \u00e1reas seguras del sitio web. El sitio web no puede funcionar correctamente sin estas cookies. Preferencias Cookies de preferencia.-&nbsp; permiten que un sitio web recuerde informaci\u00f3n que modifica el comportamiento [&hellip;]","og_url":"https:\/\/germains.com\/mx\/galletas\/","og_site_name":"Germains Seed Technology","article_modified_time":"2022-11-17T21:05:55+00:00","twitter_card":"summary_large_image","twitter_misc":{"Tiempo de lectura":"4 minutos"},"schema":{"@context":"https:\/\/schema.org","@graph":[{"@type":"WebPage","@id":"https:\/\/germains.com\/mx\/galletas\/","url":"https:\/\/germains.com\/mx\/galletas\/","name":"Galletas\u00a0 - Germains Seed Technology","isPartOf":{"@id":"https:\/\/germains.com\/#website"},"datePublished":"2022-11-16T11:37:55+00:00","dateModified":"2022-11-17T21:05:55+00:00","breadcrumb":{"@id":"https:\/\/germains.com\/mx\/galletas\/#breadcrumb"},"inLanguage":"es","potentialAction":[{"@type":"ReadAction","target":["https:\/\/germains.com\/mx\/galletas\/"]}]},{"@type":"BreadcrumbList","@id":"https:\/\/germains.com\/mx\/galletas\/#breadcrumb","itemListElement":[{"@type":"ListItem","position":1,"name":"Home","item":"https:\/\/germains.com\/mx\/"},{"@type":"ListItem","position":2,"name":"Galletas\u00a0"}]},{"@type":"WebSite","@id":"https:\/\/germains.com\/#website","url":"https:\/\/germains.com\/","name":"Germains Seed Technology","description":"Industry leading seed technologies","potentialAction":[{"@type":"SearchAction","target":{"@type":"EntryPoint","urlTemplate":"https:\/\/germains.com\/?s={search_term_string}"},"query-input":{"@type":"PropertyValueSpecification","valueRequired":true,"valueName":"search_term_string"}}],"inLanguage":"es"}]}},"jetpack_sharing_enabled":true,"_links":{"self":[{"href":"https:\/\/germains.com\/mx\/wp-json\/wp\/v2\/pages\/22150","targetHints":{"allow":["GET"]}}],"collection":[{"href":"https:\/\/germains.com\/mx\/wp-json\/wp\/v2\/pages"}],"about":[{"href":"https:\/\/germains.com\/mx\/wp-json\/wp\/v2\/types\/page"}],"author":[{"embeddable":true,"href":"https:\/\/germains.com\/mx\/wp-json\/wp\/v2\/users\/1"}],"replies":[{"embeddable":true,"href":"https:\/\/germains.com\/mx\/wp-json\/wp\/v2\/comments?post=22150"}],"version-history":[{"count":0,"href":"https:\/\/germains.com\/mx\/wp-json\/wp\/v2\/pages\/22150\/revisions"}],"wp:attachment":[{"href":"https:\/\/germains.com\/mx\/wp-json\/wp\/v2\/media?parent=22150"}],"curies":[{"name":"wp","href":"https:\/\/api.w.org\/{rel}","templated":true}]}}