{"id":17517,"date":"2020-09-10T17:15:05","date_gmt":"2020-09-10T16:15:05","guid":{"rendered":"https:\/\/germains.com\/our-locations-commercial-teams\/"},"modified":"2026-04-20T19:37:59","modified_gmt":"2026-04-20T18:37:59","slug":"nuestras-ubicaciones","status":"publish","type":"page","link":"https:\/\/germains.com\/mx\/nuestras-ubicaciones\/","title":{"rendered":"Nuestras Ubicaciones y Equipos Comerciales"},"content":{"rendered":"\n<p>Germains es un l\u00edder mundial en tecnolog\u00edas innovadoras de tratamiento de semillas para las industrias de el betabel y la horticultura. A trav\u00e9s de el departamento de Investigacion y Desarroyo dirigido para abordar los desaf\u00edos actuales y con equipos comerciales con a\u00f1os de experiencia en cultivos para las regiones a las que sirven, brindamos soluciones de clase mundial a la cadena de suministro de semillas. Con cinco instalaciones de procesamiento y cuatro laboratorios de Investigacion y Desarroyo, ofrecemos soluciones y servicios de tratamiento de semillas que satisfacen las necesidades espec\u00edficas de la regi\u00f3n en todo el Reino Unido, Europa, Oriente Medio, \u00c1frica, Am\u00e9rica del Norte, M\u00e9xico y m\u00e1s all\u00e1.<\/p>\n\n\n\n<p>Para obtener m\u00e1s informaci\u00f3n sobre nuestros productos y servicios, comun\u00edquese con nuestro equipo comercial dedicado para comprender c\u00f3mo podemos maximizar el potencial de su semilla. Haga <a href=\"https:\/\/germains.com\/mx\/contacto\/\">clic aqu\u00ed <\/a>para consultas generales.<\/p>\n\n\n<div id=\"image-map-pro-8736\"><\/div>\n","protected":false},"excerpt":{"rendered":"<p>Germains es un l\u00edder mundial en tecnolog\u00edas innovadoras de tratamiento de semillas para las industrias de el betabel y la horticultura. A trav\u00e9s de el departamento de Investigacion y Desarroyo dirigido para abordar los desaf\u00edos actuales y con equipos comerciales con a\u00f1os de experiencia en cultivos para las regiones a las que sirven, brindamos soluciones [&hellip;]<\/p>\n","protected":false},"author":1,"featured_media":0,"parent":0,"menu_order":0,"comment_status":"closed","ping_status":"closed","template":"_templates\/tpl-map-with-tabs.php","meta":{"_acf_changed":false,"footnotes":""},"class_list":["post-17517","page","type-page","status-publish","hentry"],"acf":[],"yoast_head":"<!-- This site is optimized with the Yoast SEO Premium plugin v26.9 (Yoast SEO v27.4) - https:\/\/yoast.com\/product\/yoast-seo-premium-wordpress\/ -->\n<title>Nuestras Ubicaciones y Equipos Comerciales - Germains Seed Technology<\/title>\n<meta name=\"description\" content=\"With five processing facilities and four R&amp;D labs, our products and services are available throughout the United Kingdom, Europe, the Middle East, Africa (EMEA), North America, Mexico, and beyond.\" \/>\n<meta name=\"robots\" content=\"index, follow, max-snippet:-1, max-image-preview:large, max-video-preview:-1\" \/>\n<link rel=\"canonical\" href=\"https:\/\/germains.com\/mx\/nuestras-ubicaciones\/\" \/>\n<meta property=\"og:locale\" content=\"es_MX\" \/>\n<meta property=\"og:type\" content=\"article\" \/>\n<meta property=\"og:title\" content=\"Nuestras Ubicaciones y Equipos Comerciales\" \/>\n<meta property=\"og:description\" content=\"With five processing facilities and four R&amp;D labs, our products and services are available throughout the United Kingdom, Europe, the Middle East, Africa (EMEA), North America, Mexico, and beyond.\" \/>\n<meta property=\"og:url\" content=\"https:\/\/germains.com\/mx\/nuestras-ubicaciones\/\" \/>\n<meta property=\"og:site_name\" content=\"Germains Seed Technology\" \/>\n<meta property=\"article:modified_time\" content=\"2026-04-20T18:37:59+00:00\" \/>\n<meta name=\"twitter:card\" content=\"summary_large_image\" \/>\n<meta name=\"twitter:label1\" content=\"Tiempo de lectura\" \/>\n\t<meta name=\"twitter:data1\" content=\"1 minuto\" \/>\n<script type=\"application\/ld+json\" class=\"yoast-schema-graph\">{\"@context\":\"https:\\\/\\\/schema.org\",\"@graph\":[{\"@type\":\"WebPage\",\"@id\":\"https:\\\/\\\/germains.com\\\/mx\\\/nuestras-ubicaciones\\\/\",\"url\":\"https:\\\/\\\/germains.com\\\/mx\\\/nuestras-ubicaciones\\\/\",\"name\":\"Nuestras Ubicaciones y Equipos Comerciales - Germains Seed Technology\",\"isPartOf\":{\"@id\":\"https:\\\/\\\/germains.com\\\/#website\"},\"datePublished\":\"2020-09-10T16:15:05+00:00\",\"dateModified\":\"2026-04-20T18:37:59+00:00\",\"description\":\"With five processing facilities and four R&D labs, our products and services are available throughout the United Kingdom, Europe, the Middle East, Africa (EMEA), North America, Mexico, and beyond.\",\"breadcrumb\":{\"@id\":\"https:\\\/\\\/germains.com\\\/mx\\\/nuestras-ubicaciones\\\/#breadcrumb\"},\"inLanguage\":\"es\",\"potentialAction\":[{\"@type\":\"ReadAction\",\"target\":[\"https:\\\/\\\/germains.com\\\/mx\\\/nuestras-ubicaciones\\\/\"]}]},{\"@type\":\"BreadcrumbList\",\"@id\":\"https:\\\/\\\/germains.com\\\/mx\\\/nuestras-ubicaciones\\\/#breadcrumb\",\"itemListElement\":[{\"@type\":\"ListItem\",\"position\":1,\"name\":\"Home\",\"item\":\"https:\\\/\\\/germains.com\\\/mx\\\/\"},{\"@type\":\"ListItem\",\"position\":2,\"name\":\"Nuestras Ubicaciones y Equipos Comerciales\"}]},{\"@type\":\"WebSite\",\"@id\":\"https:\\\/\\\/germains.com\\\/#website\",\"url\":\"https:\\\/\\\/germains.com\\\/\",\"name\":\"Germains Seed Technology\",\"description\":\"Industry leading seed technologies\",\"potentialAction\":[{\"@type\":\"SearchAction\",\"target\":{\"@type\":\"EntryPoint\",\"urlTemplate\":\"https:\\\/\\\/germains.com\\\/?s={search_term_string}\"},\"query-input\":{\"@type\":\"PropertyValueSpecification\",\"valueRequired\":true,\"valueName\":\"search_term_string\"}}],\"inLanguage\":\"es\"}]}<\/script>\n<!-- \/ Yoast SEO Premium plugin. -->","yoast_head_json":{"title":"Nuestras Ubicaciones y Equipos Comerciales - Germains Seed Technology","description":"With five processing facilities and four R&D labs, our products and services are available throughout the United Kingdom, Europe, the Middle East, Africa (EMEA), North America, Mexico, and beyond.","robots":{"index":"index","follow":"follow","max-snippet":"max-snippet:-1","max-image-preview":"max-image-preview:large","max-video-preview":"max-video-preview:-1"},"canonical":"https:\/\/germains.com\/mx\/nuestras-ubicaciones\/","og_locale":"es_MX","og_type":"article","og_title":"Nuestras Ubicaciones y Equipos Comerciales","og_description":"With five processing facilities and four R&D labs, our products and services are available throughout the United Kingdom, Europe, the Middle East, Africa (EMEA), North America, Mexico, and beyond.","og_url":"https:\/\/germains.com\/mx\/nuestras-ubicaciones\/","og_site_name":"Germains Seed Technology","article_modified_time":"2026-04-20T18:37:59+00:00","twitter_card":"summary_large_image","twitter_misc":{"Tiempo de lectura":"1 minuto"},"schema":{"@context":"https:\/\/schema.org","@graph":[{"@type":"WebPage","@id":"https:\/\/germains.com\/mx\/nuestras-ubicaciones\/","url":"https:\/\/germains.com\/mx\/nuestras-ubicaciones\/","name":"Nuestras Ubicaciones y Equipos Comerciales - Germains Seed Technology","isPartOf":{"@id":"https:\/\/germains.com\/#website"},"datePublished":"2020-09-10T16:15:05+00:00","dateModified":"2026-04-20T18:37:59+00:00","description":"With five processing facilities and four R&D labs, our products and services are available throughout the United Kingdom, Europe, the Middle East, Africa (EMEA), North America, Mexico, and beyond.","breadcrumb":{"@id":"https:\/\/germains.com\/mx\/nuestras-ubicaciones\/#breadcrumb"},"inLanguage":"es","potentialAction":[{"@type":"ReadAction","target":["https:\/\/germains.com\/mx\/nuestras-ubicaciones\/"]}]},{"@type":"BreadcrumbList","@id":"https:\/\/germains.com\/mx\/nuestras-ubicaciones\/#breadcrumb","itemListElement":[{"@type":"ListItem","position":1,"name":"Home","item":"https:\/\/germains.com\/mx\/"},{"@type":"ListItem","position":2,"name":"Nuestras Ubicaciones y Equipos Comerciales"}]},{"@type":"WebSite","@id":"https:\/\/germains.com\/#website","url":"https:\/\/germains.com\/","name":"Germains Seed Technology","description":"Industry leading seed technologies","potentialAction":[{"@type":"SearchAction","target":{"@type":"EntryPoint","urlTemplate":"https:\/\/germains.com\/?s={search_term_string}"},"query-input":{"@type":"PropertyValueSpecification","valueRequired":true,"valueName":"search_term_string"}}],"inLanguage":"es"}]}},"jetpack_sharing_enabled":true,"_links":{"self":[{"href":"https:\/\/germains.com\/mx\/wp-json\/wp\/v2\/pages\/17517","targetHints":{"allow":["GET"]}}],"collection":[{"href":"https:\/\/germains.com\/mx\/wp-json\/wp\/v2\/pages"}],"about":[{"href":"https:\/\/germains.com\/mx\/wp-json\/wp\/v2\/types\/page"}],"author":[{"embeddable":true,"href":"https:\/\/germains.com\/mx\/wp-json\/wp\/v2\/users\/1"}],"replies":[{"embeddable":true,"href":"https:\/\/germains.com\/mx\/wp-json\/wp\/v2\/comments?post=17517"}],"version-history":[{"count":11,"href":"https:\/\/germains.com\/mx\/wp-json\/wp\/v2\/pages\/17517\/revisions"}],"predecessor-version":[{"id":26485,"href":"https:\/\/germains.com\/mx\/wp-json\/wp\/v2\/pages\/17517\/revisions\/26485"}],"wp:attachment":[{"href":"https:\/\/germains.com\/mx\/wp-json\/wp\/v2\/media?parent=17517"}],"curies":[{"name":"wp","href":"https:\/\/api.w.org\/{rel}","templated":true}]}}