{"id":16515,"date":"2015-09-09T15:55:20","date_gmt":"2015-09-09T14:55:20","guid":{"rendered":"https:\/\/germains.com\/tratamientos-organicos-para-semillas-de-vegetales\/"},"modified":"2022-05-30T10:17:32","modified_gmt":"2022-05-30T09:17:32","slug":"tratamientos-organicos-para-semillas-de-vegetales","status":"publish","type":"page","link":"https:\/\/germains.com\/mx\/tratamientos-organicos-para-semillas-de-vegetales\/","title":{"rendered":"Tratamientos de semillas organicos"},"content":{"rendered":"\n<h2>ProBio\u00ae apoyando al productor org\u00e1nico<\/h2>\n<p>A medida que las demandas de los consumidores de productos org\u00e1nicos contin\u00faan aumentando, Germains reconoce la necesidad de ofrecer tratamientos organicos de semillas l\u00edderes en la industria y para la industria agr\u00edcola. ProBio\u00ae, la l\u00ednea de productos org\u00e1nicos con certificaci\u00f3n ASCO de Germains, refleja nuestro compromiso de satisfacer las demandas en constante cambio de los productores org\u00e1nicos de hoy en d\u00eda. Adem\u00e1s, nuestros tratamientos de semillas org\u00e1nicas cumplen con el Programa Org\u00e1nico Nacional de los Estados Unidos y est\u00e1n aprobados por la Sociedad de Certificaci\u00f3n Agr\u00edcola del Pac\u00edfico (PACS) de Canad\u00e1. Actualmente, la carpeta de tratamientos organicos para semillas estan certificadas por Germains incluye tecnolog\u00edas de semillas Prime (Acondicionamiento de semillas), Pellet (Granulacion de semillas) y Health (Salud de las semillas) para muchas especies vegetales<\/p>\n<p>Germains contin\u00faa invirtiendo activamente en nuestra l\u00ednea de Investigaci\u00f3n y Desarrollo para que nuestra carpeta de productos ofrezca una amplia gama de tecnolog\u00edas de semillas org\u00e1nicas y convencionales. Esperamos presentar m\u00e1s tecnolog\u00edas ProBio\u00ae para apoyar al productor org\u00e1nico<\/p>\n<p>Obtenga m\u00e1s informaci\u00f3n sobre las tecnolog\u00edas ProBio\u00ae a continuaci\u00f3n o cont\u00e1ctenos hoy para obtener una soluci\u00f3n personalizada.<\/p>\n<h4><a href=\"https:\/\/germains.com\/wp-content\/uploads\/2022\/05\/2022-2023-Organic-Certificate-from-ASCO.pdf\">Haga clic aqu\u00ed para descargar la certificaci\u00f3n org\u00e1nica de ASCO<\/a><\/h4>\n<hr \/>\n<div class=\"grid\">\n  <div class=\"grid__item one-whole lap-and-up-one-third\">\n  <a href=\"https:\/\/germains.com\/mx\/product-category\/probio-acondicionamiento-de-semillas-organico-es-mx\/\"><img data-recalc-dims=\"1\" loading=\"lazy\" decoding=\"async\" class=\"alignnone wp-image-17165 size-medium\" src=\"https:\/\/i0.wp.com\/germains.com\/wp-content\/uploads\/2015\/09\/Prime-RGB.png?resize=300%2C73&#038;ssl=1\" alt=\"Prime-RGB\" width=\"300\" height=\"73\" srcset=\"https:\/\/i0.wp.com\/germains.com\/wp-content\/uploads\/2015\/09\/Prime-RGB.png?resize=300%2C73&amp;ssl=1 300w, https:\/\/i0.wp.com\/germains.com\/wp-content\/uploads\/2015\/09\/Prime-RGB.png?resize=400%2C98&amp;ssl=1 400w, https:\/\/i0.wp.com\/germains.com\/wp-content\/uploads\/2015\/09\/Prime-RGB.png?w=500&amp;ssl=1 500w\" sizes=\"auto, (max-width: 300px) 100vw, 300px\" \/><\/a><a href=\"https:\/\/germains.com\/mx\/product-category\/probio-acondicionamiento-de-semillas-organico-es-mx\/\"><img data-recalc-dims=\"1\" loading=\"lazy\" decoding=\"async\" class=\"wp-image-17047 size-full alignnone\" src=\"https:\/\/i0.wp.com\/germains.com\/wp-content\/uploads\/2020\/09\/Germains_Leaf_GraphicforWeb_2020_Spanish_1.png?resize=300%2C340&#038;ssl=1\" alt=\"\" width=\"300\" height=\"340\" srcset=\"https:\/\/i0.wp.com\/germains.com\/wp-content\/uploads\/2020\/09\/Germains_Leaf_GraphicforWeb_2020_Spanish_1.png?w=300&amp;ssl=1 300w, https:\/\/i0.wp.com\/germains.com\/wp-content\/uploads\/2020\/09\/Germains_Leaf_GraphicforWeb_2020_Spanish_1.png?resize=265%2C300&amp;ssl=1 265w\" sizes=\"auto, (max-width: 300px) 100vw, 300px\" \/><\/a><br \/><a href=\"https:\/\/germains.com\/mx\/product-category\/probio-acondicionamiento-de-semillas-organico-es-mx\/\">m\u00e1s informaci\u00f3n<\/a>\n  <\/div>\n  <div class=\"grid__item one-whole lap-and-up-one-third\">\n    <a href=\"https:\/\/germains.com\/mx\/product-category\/granulacion-de-semillas-organicas-probio-es-mx\/\"><img data-recalc-dims=\"1\" loading=\"lazy\" decoding=\"async\" class=\"alignleft wp-image-17166 size-medium\" src=\"https:\/\/i0.wp.com\/germains.com\/wp-content\/uploads\/2015\/09\/Pellet_large.png?resize=300%2C74&#038;ssl=1\" alt=\"Pellet_large\" width=\"300\" height=\"74\" srcset=\"https:\/\/i0.wp.com\/germains.com\/wp-content\/uploads\/2015\/09\/Pellet_large.png?resize=300%2C74&amp;ssl=1 300w, https:\/\/i0.wp.com\/germains.com\/wp-content\/uploads\/2015\/09\/Pellet_large.png?resize=400%2C98&amp;ssl=1 400w, https:\/\/i0.wp.com\/germains.com\/wp-content\/uploads\/2015\/09\/Pellet_large.png?w=500&amp;ssl=1 500w\" sizes=\"auto, (max-width: 300px) 100vw, 300px\" \/><\/a><br \/><a href=\"https:\/\/germains.com\/mx\/product-category\/granulacion-de-semillas-organicas-probio-es-mx\/\"><img data-recalc-dims=\"1\" loading=\"lazy\" decoding=\"async\" class=\"alignnone wp-image-17051 size-full\" src=\"https:\/\/i0.wp.com\/germains.com\/wp-content\/uploads\/2020\/09\/Germains_Leaf_GraphicforWeb_2020_Spanish_2.png?resize=300%2C340&#038;ssl=1\" alt=\"\" width=\"300\" height=\"340\" srcset=\"https:\/\/i0.wp.com\/germains.com\/wp-content\/uploads\/2020\/09\/Germains_Leaf_GraphicforWeb_2020_Spanish_2.png?w=300&amp;ssl=1 300w, https:\/\/i0.wp.com\/germains.com\/wp-content\/uploads\/2020\/09\/Germains_Leaf_GraphicforWeb_2020_Spanish_2.png?resize=265%2C300&amp;ssl=1 265w\" sizes=\"auto, (max-width: 300px) 100vw, 300px\" \/><\/a><br \/><a href=\"https:\/\/germains.com\/mx\/product-category\/granulacion-de-semillas-organicas-probio-es-mx\/\">m\u00e1s informaci\u00f3n<\/a>\n  <\/div>\n  <div class=\"grid__item one-whole lap-and-up-one-third\">\n    <a href=\"https:\/\/germainsstag.wpengine.com\/mx\/product-category\/probio-salud-para-las-semillas-es-mx\/\"><img data-recalc-dims=\"1\" loading=\"lazy\" decoding=\"async\" class=\"alignnone wp-image-17175 size-medium\" src=\"https:\/\/i0.wp.com\/germains.com\/wp-content\/uploads\/2015\/09\/Pellet_organic-top.png?resize=300%2C74&#038;ssl=1\" alt=\"Pellet_organic-top\" width=\"300\" height=\"74\" srcset=\"https:\/\/i0.wp.com\/germains.com\/wp-content\/uploads\/2015\/09\/Pellet_organic-top.png?resize=300%2C74&amp;ssl=1 300w, https:\/\/i0.wp.com\/germains.com\/wp-content\/uploads\/2015\/09\/Pellet_organic-top.png?resize=400%2C98&amp;ssl=1 400w, https:\/\/i0.wp.com\/germains.com\/wp-content\/uploads\/2015\/09\/Pellet_organic-top.png?w=500&amp;ssl=1 500w\" sizes=\"auto, (max-width: 300px) 100vw, 300px\" \/><\/a><a href=\"https:\/\/germainsstag.wpengine.com\/mx\/product-category\/probio-salud-para-las-semillas-es-mx\/\"><img data-recalc-dims=\"1\" loading=\"lazy\" decoding=\"async\" class=\"alignnone wp-image-17059 size-full\" src=\"https:\/\/i0.wp.com\/germains.com\/wp-content\/uploads\/2020\/09\/Germains_Leaf_GraphicforWeb_2020_Spanish_4.png?resize=300%2C340&#038;ssl=1\" alt=\"\" width=\"300\" height=\"340\" srcset=\"https:\/\/i0.wp.com\/germains.com\/wp-content\/uploads\/2020\/09\/Germains_Leaf_GraphicforWeb_2020_Spanish_4.png?w=300&amp;ssl=1 300w, https:\/\/i0.wp.com\/germains.com\/wp-content\/uploads\/2020\/09\/Germains_Leaf_GraphicforWeb_2020_Spanish_4.png?resize=265%2C300&amp;ssl=1 265w\" sizes=\"auto, (max-width: 300px) 100vw, 300px\" \/><\/a><br \/><a href=\"https:\/\/germainsstag.wpengine.com\/mx\/product-category\/probio-salud-para-las-semillas-es-mx\/\"><span lang=\"es\">m\u00e1s informaci\u00f3n<\/span><\/a>\n  <\/div>\n<\/div>\n<p style=\"margin-top: 30px; margin-bottom: 60px; text-align: center;\"><a class=\"button\" href=\"https:\/\/germains.com\/mx\/cuadro-de-especies-organicas\/\">TABLA DE PRODUCTOS \/ ESPECIES ORG\u00c0NICAS<\/a><\/p>\n\n<div class=\"grid\">\n  <div class=\"grid__item one-whole lap-and-up-one-half\">\n    <img data-recalc-dims=\"1\" loading=\"lazy\" decoding=\"async\" class=\"size-thumbnail wp-image-17168 alignright\" src=\"https:\/\/i0.wp.com\/germains.com\/wp-content\/uploads\/2015\/09\/2000px-USDA_organic_seal.svg_.png?resize=150%2C150&#038;ssl=1\" alt=\"2000px-USDA_organic_seal.svg\" width=\"150\" height=\"150\" srcset=\"https:\/\/i0.wp.com\/germains.com\/wp-content\/uploads\/2015\/09\/2000px-USDA_organic_seal.svg_.png?resize=150%2C150&amp;ssl=1 150w, https:\/\/i0.wp.com\/germains.com\/wp-content\/uploads\/2015\/09\/2000px-USDA_organic_seal.svg_.png?resize=300%2C300&amp;ssl=1 300w, https:\/\/i0.wp.com\/germains.com\/wp-content\/uploads\/2015\/09\/2000px-USDA_organic_seal.svg_.png?resize=768%2C768&amp;ssl=1 768w, https:\/\/i0.wp.com\/germains.com\/wp-content\/uploads\/2015\/09\/2000px-USDA_organic_seal.svg_.png?resize=1024%2C1024&amp;ssl=1 1024w, https:\/\/i0.wp.com\/germains.com\/wp-content\/uploads\/2015\/09\/2000px-USDA_organic_seal.svg_.png?resize=430%2C430&amp;ssl=1 430w, https:\/\/i0.wp.com\/germains.com\/wp-content\/uploads\/2015\/09\/2000px-USDA_organic_seal.svg_.png?resize=400%2C400&amp;ssl=1 400w, https:\/\/i0.wp.com\/germains.com\/wp-content\/uploads\/2015\/09\/2000px-USDA_organic_seal.svg_.png?w=2000&amp;ssl=1 2000w\" sizes=\"auto, (max-width: 150px) 100vw, 150px\" \/>\n  <\/div>\n  <div class=\"grid__item one-whole lap-and-up-one-half\">\n    <div id=\"attachment_5275\" style=\"width: 160px\" class=\"wp-caption alignnone\"><a href=\"https:\/\/germains.com\/wp-content\/uploads\/2022\/02\/2021-Certificate-Gilroy-Fargo.pdf\"><img data-recalc-dims=\"1\" loading=\"lazy\" decoding=\"async\" aria-describedby=\"caption-attachment-5275\" class=\"wp-image-17169 size-thumbnail\" title=\"ASCO Certificate\" src=\"https:\/\/i0.wp.com\/germains.com\/wp-content\/uploads\/2015\/09\/images.jpg?resize=150%2C150&#038;ssl=1\" alt=\"ASCO Certificate\" width=\"150\" height=\"150\" srcset=\"https:\/\/i0.wp.com\/germains.com\/wp-content\/uploads\/2015\/09\/images.jpg?resize=150%2C150&amp;ssl=1 150w, https:\/\/i0.wp.com\/germains.com\/wp-content\/uploads\/2015\/09\/images.jpg?w=225&amp;ssl=1 225w\" sizes=\"auto, (max-width: 150px) 100vw, 150px\" \/><\/a><p id=\"caption-attachment-5275\" class=\"wp-caption-text\"><a href=\"https:\/\/germains.com\/wp-content\/uploads\/2022\/02\/2021-Certificate-Gilroy-Fargo.pdf\">Descargar certificado<\/a><\/p><\/div>\n  <\/div>\n<\/div>\n<\/div>\n","protected":false},"excerpt":{"rendered":"<p>ProBio\u00ae apoyando al productor org\u00e1nico A medida que las demandas de los consumidores de productos org\u00e1nicos contin\u00faan aumentando, Germains reconoce la necesidad de ofrecer tratamientos organicos de semillas l\u00edderes en la industria y para la industria agr\u00edcola. ProBio\u00ae, la l\u00ednea de productos org\u00e1nicos con certificaci\u00f3n ASCO de Germains, refleja nuestro compromiso de satisfacer las demandas [&hellip;]<\/p>\n","protected":false},"author":1,"featured_media":0,"parent":0,"menu_order":0,"comment_status":"closed","ping_status":"open","template":"","meta":{"_acf_changed":false,"footnotes":""},"class_list":["post-16515","page","type-page","status-publish","hentry"],"acf":[],"yoast_head":"<!-- This site is optimized with the Yoast SEO Premium plugin v26.9 (Yoast SEO v27.4) - https:\/\/yoast.com\/product\/yoast-seo-premium-wordpress\/ -->\n<title>Tratamientos de semillas organicos - Germains Seed Technology<\/title>\n<meta name=\"description\" content=\"Actualmente, los tratamientos y procesos de semillas org\u00e1nicos certificados por Germains incluyen tecnolog\u00edas de semillas Prime, Pellet y Health para muchas especies vegetales.\" \/>\n<meta name=\"robots\" content=\"index, follow, max-snippet:-1, max-image-preview:large, max-video-preview:-1\" \/>\n<link rel=\"canonical\" href=\"https:\/\/germains.com\/mx\/tratamientos-organicos-para-semillas-de-vegetales\/\" \/>\n<meta property=\"og:locale\" content=\"es_MX\" \/>\n<meta property=\"og:type\" content=\"article\" \/>\n<meta property=\"og:title\" content=\"Tratamientos de semillas organicos\" \/>\n<meta property=\"og:description\" content=\"Actualmente, los tratamientos y procesos de semillas org\u00e1nicos certificados por Germains incluyen tecnolog\u00edas de semillas Prime, Pellet y Health para muchas especies vegetales.\" \/>\n<meta property=\"og:url\" content=\"https:\/\/germains.com\/mx\/tratamientos-organicos-para-semillas-de-vegetales\/\" \/>\n<meta property=\"og:site_name\" content=\"Germains Seed Technology\" \/>\n<meta property=\"article:modified_time\" content=\"2022-05-30T09:17:32+00:00\" \/>\n<meta name=\"twitter:card\" content=\"summary_large_image\" \/>\n<meta name=\"twitter:label1\" content=\"Tiempo de lectura\" \/>\n\t<meta name=\"twitter:data1\" content=\"3 minutos\" \/>\n<script type=\"application\/ld+json\" class=\"yoast-schema-graph\">{\"@context\":\"https:\\\/\\\/schema.org\",\"@graph\":[{\"@type\":\"WebPage\",\"@id\":\"https:\\\/\\\/germains.com\\\/mx\\\/tratamientos-organicos-para-semillas-de-vegetales\\\/\",\"url\":\"https:\\\/\\\/germains.com\\\/mx\\\/tratamientos-organicos-para-semillas-de-vegetales\\\/\",\"name\":\"Tratamientos de semillas organicos - Germains Seed Technology\",\"isPartOf\":{\"@id\":\"https:\\\/\\\/germains.com\\\/#website\"},\"primaryImageOfPage\":{\"@id\":\"https:\\\/\\\/germains.com\\\/mx\\\/tratamientos-organicos-para-semillas-de-vegetales\\\/#primaryimage\"},\"image\":{\"@id\":\"https:\\\/\\\/germains.com\\\/mx\\\/tratamientos-organicos-para-semillas-de-vegetales\\\/#primaryimage\"},\"thumbnailUrl\":\"https:\\\/\\\/germains.com\\\/wp-content\\\/uploads\\\/2015\\\/09\\\/Prime-RGB-300x73.png\",\"datePublished\":\"2015-09-09T14:55:20+00:00\",\"dateModified\":\"2022-05-30T09:17:32+00:00\",\"description\":\"Actualmente, los tratamientos y procesos de semillas org\u00e1nicos certificados por Germains incluyen tecnolog\u00edas de semillas Prime, Pellet y Health para muchas especies vegetales.\",\"breadcrumb\":{\"@id\":\"https:\\\/\\\/germains.com\\\/mx\\\/tratamientos-organicos-para-semillas-de-vegetales\\\/#breadcrumb\"},\"inLanguage\":\"es\",\"potentialAction\":[{\"@type\":\"ReadAction\",\"target\":[\"https:\\\/\\\/germains.com\\\/mx\\\/tratamientos-organicos-para-semillas-de-vegetales\\\/\"]}]},{\"@type\":\"ImageObject\",\"inLanguage\":\"es\",\"@id\":\"https:\\\/\\\/germains.com\\\/mx\\\/tratamientos-organicos-para-semillas-de-vegetales\\\/#primaryimage\",\"url\":\"https:\\\/\\\/germains.com\\\/wp-content\\\/uploads\\\/2015\\\/09\\\/Prime-RGB-300x73.png\",\"contentUrl\":\"https:\\\/\\\/germains.com\\\/wp-content\\\/uploads\\\/2015\\\/09\\\/Prime-RGB-300x73.png\"},{\"@type\":\"BreadcrumbList\",\"@id\":\"https:\\\/\\\/germains.com\\\/mx\\\/tratamientos-organicos-para-semillas-de-vegetales\\\/#breadcrumb\",\"itemListElement\":[{\"@type\":\"ListItem\",\"position\":1,\"name\":\"Home\",\"item\":\"https:\\\/\\\/germains.com\\\/mx\\\/\"},{\"@type\":\"ListItem\",\"position\":2,\"name\":\"Tratamientos de semillas organicos\"}]},{\"@type\":\"WebSite\",\"@id\":\"https:\\\/\\\/germains.com\\\/#website\",\"url\":\"https:\\\/\\\/germains.com\\\/\",\"name\":\"Germains Seed Technology\",\"description\":\"Industry leading seed technologies\",\"potentialAction\":[{\"@type\":\"SearchAction\",\"target\":{\"@type\":\"EntryPoint\",\"urlTemplate\":\"https:\\\/\\\/germains.com\\\/?s={search_term_string}\"},\"query-input\":{\"@type\":\"PropertyValueSpecification\",\"valueRequired\":true,\"valueName\":\"search_term_string\"}}],\"inLanguage\":\"es\"}]}<\/script>\n<!-- \/ Yoast SEO Premium plugin. -->","yoast_head_json":{"title":"Tratamientos de semillas organicos - Germains Seed Technology","description":"Actualmente, los tratamientos y procesos de semillas org\u00e1nicos certificados por Germains incluyen tecnolog\u00edas de semillas Prime, Pellet y Health para muchas especies vegetales.","robots":{"index":"index","follow":"follow","max-snippet":"max-snippet:-1","max-image-preview":"max-image-preview:large","max-video-preview":"max-video-preview:-1"},"canonical":"https:\/\/germains.com\/mx\/tratamientos-organicos-para-semillas-de-vegetales\/","og_locale":"es_MX","og_type":"article","og_title":"Tratamientos de semillas organicos","og_description":"Actualmente, los tratamientos y procesos de semillas org\u00e1nicos certificados por Germains incluyen tecnolog\u00edas de semillas Prime, Pellet y Health para muchas especies vegetales.","og_url":"https:\/\/germains.com\/mx\/tratamientos-organicos-para-semillas-de-vegetales\/","og_site_name":"Germains Seed Technology","article_modified_time":"2022-05-30T09:17:32+00:00","twitter_card":"summary_large_image","twitter_misc":{"Tiempo de lectura":"3 minutos"},"schema":{"@context":"https:\/\/schema.org","@graph":[{"@type":"WebPage","@id":"https:\/\/germains.com\/mx\/tratamientos-organicos-para-semillas-de-vegetales\/","url":"https:\/\/germains.com\/mx\/tratamientos-organicos-para-semillas-de-vegetales\/","name":"Tratamientos de semillas organicos - Germains Seed Technology","isPartOf":{"@id":"https:\/\/germains.com\/#website"},"primaryImageOfPage":{"@id":"https:\/\/germains.com\/mx\/tratamientos-organicos-para-semillas-de-vegetales\/#primaryimage"},"image":{"@id":"https:\/\/germains.com\/mx\/tratamientos-organicos-para-semillas-de-vegetales\/#primaryimage"},"thumbnailUrl":"https:\/\/germains.com\/wp-content\/uploads\/2015\/09\/Prime-RGB-300x73.png","datePublished":"2015-09-09T14:55:20+00:00","dateModified":"2022-05-30T09:17:32+00:00","description":"Actualmente, los tratamientos y procesos de semillas org\u00e1nicos certificados por Germains incluyen tecnolog\u00edas de semillas Prime, Pellet y Health para muchas especies vegetales.","breadcrumb":{"@id":"https:\/\/germains.com\/mx\/tratamientos-organicos-para-semillas-de-vegetales\/#breadcrumb"},"inLanguage":"es","potentialAction":[{"@type":"ReadAction","target":["https:\/\/germains.com\/mx\/tratamientos-organicos-para-semillas-de-vegetales\/"]}]},{"@type":"ImageObject","inLanguage":"es","@id":"https:\/\/germains.com\/mx\/tratamientos-organicos-para-semillas-de-vegetales\/#primaryimage","url":"https:\/\/germains.com\/wp-content\/uploads\/2015\/09\/Prime-RGB-300x73.png","contentUrl":"https:\/\/germains.com\/wp-content\/uploads\/2015\/09\/Prime-RGB-300x73.png"},{"@type":"BreadcrumbList","@id":"https:\/\/germains.com\/mx\/tratamientos-organicos-para-semillas-de-vegetales\/#breadcrumb","itemListElement":[{"@type":"ListItem","position":1,"name":"Home","item":"https:\/\/germains.com\/mx\/"},{"@type":"ListItem","position":2,"name":"Tratamientos de semillas organicos"}]},{"@type":"WebSite","@id":"https:\/\/germains.com\/#website","url":"https:\/\/germains.com\/","name":"Germains Seed Technology","description":"Industry leading seed technologies","potentialAction":[{"@type":"SearchAction","target":{"@type":"EntryPoint","urlTemplate":"https:\/\/germains.com\/?s={search_term_string}"},"query-input":{"@type":"PropertyValueSpecification","valueRequired":true,"valueName":"search_term_string"}}],"inLanguage":"es"}]}},"jetpack_sharing_enabled":true,"_links":{"self":[{"href":"https:\/\/germains.com\/mx\/wp-json\/wp\/v2\/pages\/16515","targetHints":{"allow":["GET"]}}],"collection":[{"href":"https:\/\/germains.com\/mx\/wp-json\/wp\/v2\/pages"}],"about":[{"href":"https:\/\/germains.com\/mx\/wp-json\/wp\/v2\/types\/page"}],"author":[{"embeddable":true,"href":"https:\/\/germains.com\/mx\/wp-json\/wp\/v2\/users\/1"}],"replies":[{"embeddable":true,"href":"https:\/\/germains.com\/mx\/wp-json\/wp\/v2\/comments?post=16515"}],"version-history":[{"count":0,"href":"https:\/\/germains.com\/mx\/wp-json\/wp\/v2\/pages\/16515\/revisions"}],"wp:attachment":[{"href":"https:\/\/germains.com\/mx\/wp-json\/wp\/v2\/media?parent=16515"}],"curies":[{"name":"wp","href":"https:\/\/api.w.org\/{rel}","templated":true}]}}